{"id":415,"date":"2024-08-16T17:27:48","date_gmt":"2024-08-16T15:27:48","guid":{"rendered":"https:\/\/sako-energy.pl\/?page_id=415"},"modified":"2024-08-16T18:25:17","modified_gmt":"2024-08-16T16:25:17","slug":"bateria-2","status":"publish","type":"page","link":"https:\/\/sako-energy.pl\/?page_id=415","title":{"rendered":"Informacja"},"content":{"rendered":"\n<h2 class=\"wp-block-heading\">Informacja o Oszcz\u0119dno\u015bci<\/h2>\n\n\n\n<div class=\"wp-block-group is-vertical is-layout-flex wp-container-core-group-is-layout-2 wp-block-group-is-layout-flex\">\n<div class=\"wp-block-columns is-layout-flex wp-container-core-columns-is-layout-2 wp-block-columns-is-layout-flex\">\n<div class=\"wp-block-column is-layout-flow wp-block-column-is-layout-flow\" style=\"flex-basis:100%\">\n<div class=\"wp-block-group\"><div class=\"wp-block-group__inner-container is-layout-constrained wp-block-group-is-layout-constrained\">\n<div class=\"wp-block-columns is-layout-flex wp-container-core-columns-is-layout-1 wp-block-columns-is-layout-flex\">\n<div class=\"wp-block-column is-layout-flow wp-block-column-is-layout-flow\" style=\"flex-basis:100%\">\n<figure class=\"wp-block-gallery has-nested-images columns-default is-cropped wp-block-gallery-1 is-layout-flex wp-block-gallery-is-layout-flex\">\n<figure class=\"wp-block-image size-large\"><img loading=\"lazy\" decoding=\"async\" width=\"505\" height=\"400\" src=\"https:\/\/sako-energy.pl\/wp-content\/uploads\/2024\/08\/sako14-e1723135781940.jpg\" alt=\"\" class=\"wp-image-175\" srcset=\"https:\/\/sako-energy.pl\/wp-content\/uploads\/2024\/08\/sako14-e1723135781940.jpg 505w, https:\/\/sako-energy.pl\/wp-content\/uploads\/2024\/08\/sako14-e1723135781940-300x238.jpg 300w\" sizes=\"(max-width: 505px) 100vw, 505px\" \/><\/figure>\n<\/figure>\n<\/div>\n<\/div>\n<\/div><\/div>\n<\/div>\n<\/div>\n<\/div>\n\n\n\n<p>Fotowoltaika (systemy solarne) i baterie magazynuj\u0105ce energi\u0119 s\u0105 coraz popularniejsze jako spos\u00f3b na oszcz\u0119dzanie na rachunkach za pr\u0105d. Oto jak dzia\u0142aj\u0105 i jak mog\u0105 przynie\u015b\u0107 oszcz\u0119dno\u015bci:<\/p>\n\n\n\n<h2 class=\"wp-block-heading\">1. <strong>Fotowoltaika<\/strong> <\/h2>\n\n\n\n<ul class=\"wp-block-list\">\n<li><strong>Dzia\u0142anie<\/strong>:<\/li>\n<\/ul>\n\n\n\n<blockquote class=\"wp-block-quote is-layout-flow wp-block-quote-is-layout-flow\">\n<p>&#8211; Panele fotowoltaiczne zamieniaj\u0105 energi\u0119 s\u0142oneczn\u0105 na energi\u0119 elektryczn\u0105. W ci\u0105gu dnia, kiedy s\u0142o\u0144ce \u015bwieci, panele produkuj\u0105 pr\u0105d, kt\u00f3ry mo\u017ce by\u0107 u\u017cywany na bie\u017c\u0105co w domu.<\/p>\n<\/blockquote>\n\n\n\n<ul class=\"wp-block-list\">\n<li><strong>Oszcz\u0119dno\u015bci<\/strong>: <\/li>\n<\/ul>\n\n\n\n<blockquote class=\"wp-block-quote is-layout-flow wp-block-quote-is-layout-flow\">\n<p>&#8211; Dzi\u0119ki fotowoltaice zmniejszasz ilo\u015b\u0107 energii kupowanej z sieci, co obni\u017ca rachunki za pr\u0105d. W zale\u017cno\u015bci od wielko\u015bci systemu i zu\u017cycia energii, oszcz\u0119dno\u015bci mog\u0105 by\u0107 znacz\u0105ce \u2013 nawet o 50-80% ni\u017csze rachunki.<\/p>\n<\/blockquote>\n\n\n\n<h2 class=\"wp-block-heading\"> 2. <strong>Baterie magazynuj\u0105ce energi\u0119<\/strong> <\/h2>\n\n\n\n<ul class=\"wp-block-list\">\n<li><strong>Dzia\u0142anie<\/strong>:<\/li>\n<\/ul>\n\n\n\n<blockquote class=\"wp-block-quote is-layout-flow wp-block-quote-is-layout-flow\">\n<p>&#8211; Baterie magazynuj\u0105 nadwy\u017ck\u0119 energii wyprodukowanej przez panele w ci\u0105gu dnia, kt\u00f3r\u0105 mo\u017cesz u\u017cy\u0107, gdy produkcja jest ni\u017csza (np. wieczorem lub w nocy). <\/p>\n<\/blockquote>\n\n\n\n<ul class=\"wp-block-list\">\n<li><strong>Oszcz\u0119dno\u015bci<\/strong>: <\/li>\n<\/ul>\n\n\n\n<blockquote class=\"wp-block-quote is-layout-flow wp-block-quote-is-layout-flow\">\n<p>&#8211; Bateria pozwala na maksymalne wykorzystanie w\u0142asnej produkcji energii, co further reduces the amount of energy you need to buy from the grid. Mo\u017cesz tak\u017ce unika\u0107 wy\u017cszych taryf za pr\u0105d, przechowuj\u0105c energi\u0119 w okresach, gdy jest tania, a zu\u017cywaj\u0105c j\u0105, gdy ceny s\u0105 wy\u017csze. <\/p>\n<\/blockquote>\n\n\n\n<h2 class=\"wp-block-heading\">3. <strong>Zwrot z inwestycji<\/strong><\/h2>\n\n\n\n<ul class=\"wp-block-list\">\n<li><strong>Koszty pocz\u0105tkowe<\/strong>: <\/li>\n<\/ul>\n\n\n\n<blockquote class=\"wp-block-quote is-layout-flow wp-block-quote-is-layout-flow\">\n<p>&#8211; Inwestycja w system fotowoltaiczny i bateri\u0119 mo\u017ce by\u0107 znacz\u0105ca, ale dzi\u0119ki r\u00f3\u017cnym programom dotacyjnym i ulg podatkowych, koszty te mog\u0105 by\u0107 zredukowane. <\/p>\n<\/blockquote>\n\n\n\n<ul class=\"wp-block-list\">\n<li><strong>Czas zwrotu<\/strong>: <\/li>\n<\/ul>\n\n\n\n<blockquote class=\"wp-block-quote is-layout-flow wp-block-quote-is-layout-flow\">\n<p>&#8211; Przy odpowiednim dobraniu systemu, zwrot z inwestycji mo\u017ce nast\u0105pi\u0107 ju\u017c po 5-10 latach, a system b\u0119dzie pracowa\u0142 przez oko\u0142o 25-30 lat, co oznacza d\u0142ugoterminowe oszcz\u0119dno\u015bci.<\/p>\n<\/blockquote>\n\n\n\n<h2 class=\"wp-block-heading\"> 4. <strong>Wp\u0142yw na \u015brodowisko<\/strong> <\/h2>\n\n\n\n<blockquote class=\"wp-block-quote is-layout-flow wp-block-quote-is-layout-flow\">\n<p>&#8211; Korzystanie z odnawialnych \u017ar\u00f3de\u0142 energii, jak fotowoltaika, przyczynia si\u0119 do zmniejszenia emisji CO2, co ma pozytywny wp\u0142yw na \u015brodowisko. Podsumowuj\u0105c, fotowoltaika w po\u0142\u0105czeniu z bateriami mo\u017ce przynie\u015b\u0107 znacz\u0105ce oszcz\u0119dno\u015bci na rachunkach za pr\u0105d, zw\u0142aszcza w d\u0142u\u017cszej perspektywie czasowej, jednocze\u015bnie przyczyniaj\u0105c si\u0119 do ochrony \u015brodowiska.<\/p>\n<\/blockquote>\n\n\n\n<p><\/p>\n\n\n\n<p><\/p>\n\n\n\n<p><\/p>\n\n\n\n<div class=\"wp-block-group\"><div class=\"wp-block-group__inner-container is-layout-constrained wp-block-group-is-layout-constrained\">\n<div class=\"wp-block-columns is-layout-flex wp-container-core-columns-is-layout-6 wp-block-columns-is-layout-flex\">\n<div class=\"wp-block-column is-layout-flow wp-block-column-is-layout-flow\" style=\"flex-basis:100%\">\n<div class=\"wp-block-group\"><div class=\"wp-block-group__inner-container is-layout-constrained wp-block-group-is-layout-constrained\">\n<div class=\"wp-block-columns is-layout-flex wp-container-core-columns-is-layout-5 wp-block-columns-is-layout-flex\">\n<div class=\"wp-block-column is-layout-flow wp-block-column-is-layout-flow\" style=\"flex-basis:100%\">\n<div class=\"wp-block-group is-nowrap is-layout-flex wp-container-core-group-is-layout-4 wp-block-group-is-layout-flex\">\n<div class=\"wp-block-columns is-layout-flex wp-container-core-columns-is-layout-4 wp-block-columns-is-layout-flex\">\n<div class=\"wp-block-column is-layout-flow wp-block-column-is-layout-flow\" style=\"flex-basis:100%\">\n<div class=\"wp-block-group is-nowrap is-layout-flex wp-container-core-group-is-layout-3 wp-block-group-is-layout-flex\">\n<div class=\"wp-block-columns is-layout-flex wp-container-core-columns-is-layout-3 wp-block-columns-is-layout-flex\">\n<div class=\"wp-block-column is-layout-flow wp-block-column-is-layout-flow\" style=\"flex-basis:100%\">\n<figure class=\"wp-block-gallery has-nested-images columns-default is-cropped wp-block-gallery-2 is-layout-flex wp-block-gallery-is-layout-flex\">\n<figure class=\"wp-block-image size-large\"><img loading=\"lazy\" decoding=\"async\" width=\"1024\" height=\"683\" src=\"https:\/\/sako-energy.pl\/wp-content\/uploads\/2024\/08\/bateria-sako.png\" alt=\"\" class=\"wp-image-405\" srcset=\"https:\/\/sako-energy.pl\/wp-content\/uploads\/2024\/08\/bateria-sako.png 1024w, https:\/\/sako-energy.pl\/wp-content\/uploads\/2024\/08\/bateria-sako-300x200.png 300w, https:\/\/sako-energy.pl\/wp-content\/uploads\/2024\/08\/bateria-sako-768x512.png 768w\" sizes=\"(max-width: 1024px) 100vw, 1024px\" \/><\/figure>\n<\/figure>\n<\/div>\n<\/div>\n<\/div>\n<\/div>\n<\/div>\n<\/div>\n<\/div>\n<\/div>\n<\/div><\/div>\n<\/div>\n<\/div>\n<\/div><\/div>\n\n\n\n<p>Magazynowanie energii za pomoc\u0105 baterii w systemach fotowoltaicznych jest kluczowe do maksymalizacji oszcz\u0119dno\u015bci na rachunkach za pr\u0105d. Oto, jak bateria mo\u017ce przyczyni\u0107 si\u0119 do oszcz\u0119dno\u015bci: <\/p>\n\n\n\n<h2 class=\"wp-block-heading\">1. <strong>Zwi\u0119kszenie autokonsumpcji<\/strong><\/h2>\n\n\n\n<ul class=\"wp-block-list\">\n<li><strong>Maksymalne wykorzystanie w\u0142asnej energii<\/strong>: <\/li>\n<\/ul>\n\n\n\n<blockquote class=\"wp-block-quote is-layout-flow wp-block-quote-is-layout-flow\">\n<p>&#8211; Bez baterii nadwy\u017cki energii produkowanej w ci\u0105gu dnia, kt\u00f3re nie s\u0105 zu\u017cywane na bie\u017c\u0105co, trafiaj\u0105 do sieci. Z bateri\u0105 mo\u017cesz przechowywa\u0107 t\u0119 energi\u0119 i zu\u017cy\u0107 j\u0105, gdy produkcja jest niska lub zerowa (np. w nocy). To pozwala na wi\u0119ksz\u0105 autokonsumpcj\u0119, co zmniejsza zale\u017cno\u015b\u0107 od zewn\u0119trznego dostawcy pr\u0105du i prowadzi do wi\u0119kszych oszcz\u0119dno\u015bci.<\/p>\n<\/blockquote>\n\n\n\n<h2 class=\"wp-block-heading\"> 2. <strong>Unikanie wy\u017cszych taryf<\/strong><\/h2>\n\n\n\n<ul class=\"wp-block-list\">\n<li><strong>Optymalizacja zu\u017cycia energii<\/strong>:<\/li>\n<\/ul>\n\n\n\n<blockquote class=\"wp-block-quote is-layout-flow wp-block-quote-is-layout-flow\">\n<p>&#8211; W wielu krajach obowi\u0105zuj\u0105 r\u00f3\u017cne taryfy za pr\u0105d, zale\u017cnie od pory dnia. Z bateri\u0105 mo\u017cesz magazynowa\u0107 energi\u0119, gdy jest tania (np. w ci\u0105gu dnia z fotowoltaiki), i zu\u017cywa\u0107 j\u0105 wtedy, gdy ceny s\u0105 wy\u017csze. To szczeg\u00f3lnie korzystne przy systemie taryfowym, gdzie nocne lub wieczorne stawki za energi\u0119 s\u0105 wy\u017csze. <\/p>\n<\/blockquote>\n\n\n\n<h2 class=\"wp-block-heading\">3. <strong>Zabezpieczenie przed przerwami w dostawie pr\u0105du<\/strong><\/h2>\n\n\n\n<ul class=\"wp-block-list\">\n<li><strong>Zasilanie awaryjne<\/strong>:<\/li>\n<\/ul>\n\n\n\n<blockquote class=\"wp-block-quote is-layout-flow wp-block-quote-is-layout-flow\">\n<p>&#8211; Bateria mo\u017ce dzia\u0142a\u0107 jako zasilanie awaryjne, dostarczaj\u0105c energi\u0119 w razie przerwy w dostawie pr\u0105du. Dzi\u0119ki temu unikasz strat wynikaj\u0105cych z braku zasilania (np. w przypadku przerwy w dzia\u0142aniu sprz\u0119tu domowego czy w biznesie). <\/p>\n<\/blockquote>\n\n\n\n<h2 class=\"wp-block-heading\">4. <strong>Podw\u00f3jne oszcz\u0119dno\u015bci dzi\u0119ki baterii<\/strong><\/h2>\n\n\n\n<ul class=\"wp-block-list\">\n<li><strong>Zmniejszenie koszt\u00f3w energii kupowanej z sieci<\/strong>: <\/li>\n<\/ul>\n\n\n\n<blockquote class=\"wp-block-quote is-layout-flow wp-block-quote-is-layout-flow\">\n<p>&#8211; Bateria pozwala zminimalizowa\u0107 ilo\u015b\u0107 energii, kt\u00f3r\u0105 musisz kupowa\u0107 z sieci, co przek\u0142ada si\u0119 na bezpo\u015brednie oszcz\u0119dno\u015bci. Im wi\u0119cej energii mo\u017cesz przechowa\u0107 i zu\u017cy\u0107, tym mniej pr\u0105du musisz kupowa\u0107. <\/p>\n<\/blockquote>\n\n\n\n<ul class=\"wp-block-list\">\n<li><strong>Optymalizacja zwrotu z inwestycji<\/strong>: <\/li>\n<\/ul>\n\n\n\n<blockquote class=\"wp-block-quote is-layout-flow wp-block-quote-is-layout-flow\">\n<p>&#8211; Cho\u0107 baterie s\u0105 kosztownym elementem instalacji, to przy odpowiednim zarz\u0105dzaniu energi\u0105 i wykorzystaniu dost\u0119pnych dotacji, ich koszt mo\u017ce si\u0119 zwr\u00f3ci\u0107 szybciej, a d\u0142ugoterminowe oszcz\u0119dno\u015bci mog\u0105 by\u0107 znacz\u0105ce. <\/p>\n<\/blockquote>\n\n\n\n<h2 class=\"wp-block-heading\">5. <strong>Oszcz\u0119dno\u015bci w d\u0142u\u017cszej perspektywie<\/strong><\/h2>\n\n\n\n<ul class=\"wp-block-list\">\n<li><strong>Stabilizacja koszt\u00f3w<\/strong>:<\/li>\n<\/ul>\n\n\n\n<blockquote class=\"wp-block-quote is-layout-flow wp-block-quote-is-layout-flow\">\n<p>&#8211; Bateria pomaga w stabilizacji koszt\u00f3w energii, co jest istotne w kontek\u015bcie rosn\u0105cych cen pr\u0105du. W d\u0142u\u017cszym okresie mo\u017ce to przynie\u015b\u0107 znaczne oszcz\u0119dno\u015bci, zw\u0142aszcza w po\u0142\u0105czeniu z rosn\u0105cymi kosztami energii elektrycznej z sieci. <\/p>\n<\/blockquote>\n\n\n\n<h2 class=\"wp-block-heading\">6. <strong>Podsumowanie<\/strong> <\/h2>\n\n\n\n<p>&#8211; Bateria w systemie fotowoltaicznym nie tylko zwi\u0119ksza oszcz\u0119dno\u015bci, ale tak\u017ce oferuje wi\u0119ksz\u0105 niezale\u017cno\u015b\u0107 energetyczn\u0105, pozwala unika\u0107 wy\u017cszych taryf oraz zapewnia zasilanie awaryjne. Cho\u0107 pocz\u0105tkowy koszt instalacji baterii jest wysoki, korzy\u015bci finansowe i u\u017cytkowe mog\u0105 znacz\u0105co przewy\u017cszy\u0107 te koszty w d\u0142u\u017cszej perspektywie.<\/p>\n\n\n\n<p><\/p>\n","protected":false},"excerpt":{"rendered":"<p>Informacja o Oszcz\u0119dno\u015bci Fotowoltaika (systemy solarne) i baterie magazynuj\u0105ce energi\u0119 s\u0105 coraz popularniejsze jako spos\u00f3b na oszcz\u0119dzanie na rachunkach za pr\u0105d. Oto jak dzia\u0142aj\u0105 i jak mog\u0105 przynie\u015b\u0107 oszcz\u0119dno\u015bci: 1.&hellip;<\/p>\n","protected":false},"author":1,"featured_media":0,"parent":0,"menu_order":0,"comment_status":"closed","ping_status":"closed","template":"","meta":{"footnotes":""},"class_list":["post-415","page","type-page","status-publish","hentry"],"_links":{"self":[{"href":"https:\/\/sako-energy.pl\/index.php?rest_route=\/wp\/v2\/pages\/415"}],"collection":[{"href":"https:\/\/sako-energy.pl\/index.php?rest_route=\/wp\/v2\/pages"}],"about":[{"href":"https:\/\/sako-energy.pl\/index.php?rest_route=\/wp\/v2\/types\/page"}],"author":[{"embeddable":true,"href":"https:\/\/sako-energy.pl\/index.php?rest_route=\/wp\/v2\/users\/1"}],"replies":[{"embeddable":true,"href":"https:\/\/sako-energy.pl\/index.php?rest_route=%2Fwp%2Fv2%2Fcomments&post=415"}],"version-history":[{"count":15,"href":"https:\/\/sako-energy.pl\/index.php?rest_route=\/wp\/v2\/pages\/415\/revisions"}],"predecessor-version":[{"id":436,"href":"https:\/\/sako-energy.pl\/index.php?rest_route=\/wp\/v2\/pages\/415\/revisions\/436"}],"wp:attachment":[{"href":"https:\/\/sako-energy.pl\/index.php?rest_route=%2Fwp%2Fv2%2Fmedia&parent=415"}],"curies":[{"name":"wp","href":"https:\/\/api.w.org\/{rel}","templated":true}]}}