{"id":442,"date":"2024-08-16T19:12:24","date_gmt":"2024-08-16T17:12:24","guid":{"rendered":"https:\/\/sako-energy.pl\/?page_id=442"},"modified":"2024-08-16T19:17:23","modified_gmt":"2024-08-16T17:17:23","slug":"informacja-o-firma","status":"publish","type":"page","link":"https:\/\/sako-energy.pl\/?page_id=442","title":{"rendered":"informacja o firma"},"content":{"rendered":"\n<figure class=\"wp-block-gallery has-nested-images columns-default is-cropped wp-block-gallery-1 is-layout-flex wp-block-gallery-is-layout-flex\">\n<figure class=\"wp-block-image size-large\"><img loading=\"lazy\" decoding=\"async\" width=\"1024\" height=\"407\" data-id=\"58\" src=\"https:\/\/sako-energy.pl\/wp-content\/uploads\/2024\/07\/cropped-logo-scaled-1-1024x407.jpg\" alt=\"\" class=\"wp-image-58\" srcset=\"https:\/\/sako-energy.pl\/wp-content\/uploads\/2024\/07\/cropped-logo-scaled-1-1024x407.jpg 1024w, https:\/\/sako-energy.pl\/wp-content\/uploads\/2024\/07\/cropped-logo-scaled-1-300x119.jpg 300w, https:\/\/sako-energy.pl\/wp-content\/uploads\/2024\/07\/cropped-logo-scaled-1-768x305.jpg 768w, https:\/\/sako-energy.pl\/wp-content\/uploads\/2024\/07\/cropped-logo-scaled-1-1536x610.jpg 1536w, https:\/\/sako-energy.pl\/wp-content\/uploads\/2024\/07\/cropped-logo-scaled-1-2048x813.jpg 2048w\" sizes=\"(max-width: 1024px) 100vw, 1024px\" \/><\/figure>\n<\/figure>\n\n\n\n<p><\/p>\n\n\n\n<blockquote class=\"wp-block-quote is-layout-flow wp-block-quote-is-layout-flow\">\n<p>\u2013 firma dzia\u0142aj\u0105ca w bran\u017cy fotowoltaicznej, specjalizuj\u0105ca si\u0119 w instalacjach system\u00f3w solarnych na terenie Polski. Firma oferuje kompleksowe rozwi\u0105zania w zakresie odnawialnych \u017ar\u00f3de\u0142 energii, szczeg\u00f3lnie w instalacjach fotowoltaicznych zar\u00f3wno dla klient\u00f3w indywidualnych, jak i firm.<\/p>\n<\/blockquote>\n\n\n\n<h2 class=\"wp-block-heading\">G\u0142\u00f3wne us\u0142ugi Sako Energy obejmuj\u0105:<\/h2>\n\n\n\n<h2 class=\"wp-block-heading\">1.&nbsp;<strong>Projektowanie instalacji fotowoltaicznych<\/strong><\/h2>\n\n\n\n<blockquote class=\"wp-block-quote is-layout-flow wp-block-quote-is-layout-flow\">\n<p>\u2013 Dostosowane do indywidualnych potrzeb klient\u00f3w, z uwzgl\u0119dnieniem optymalnej wydajno\u015bci systemu.<\/p>\n<\/blockquote>\n\n\n\n<h2 class=\"wp-block-heading\">2.&nbsp;<strong>Monta\u017c instalacji fotowoltaicznych<\/strong><\/h2>\n\n\n\n<blockquote class=\"wp-block-quote is-layout-flow wp-block-quote-is-layout-flow\">\n<p>\u2013 Profesjonalna instalacja paneli s\u0142onecznych i osprz\u0119tu przez do\u015bwiadczony zesp\u00f3\u0142.<\/p>\n<\/blockquote>\n\n\n\n<h2 class=\"wp-block-heading\">3.&nbsp;<strong>Serwis i konserwacja<\/strong><\/h2>\n\n\n\n<blockquote class=\"wp-block-quote is-layout-flow wp-block-quote-is-layout-flow\">\n<p>\u2013 Regularne przegl\u0105dy techniczne i serwis system\u00f3w fotowoltaicznych, zapewniaj\u0105ce ich d\u0142ugotrwa\u0142\u0105 i bezproblemow\u0105 prac\u0119.<\/p>\n<\/blockquote>\n\n\n\n<h2 class=\"wp-block-heading\">4.&nbsp;<strong>Doradztwo i wsparcie w uzyskaniu dofinansowa\u0144<\/strong><\/h2>\n\n\n\n<blockquote class=\"wp-block-quote is-layout-flow wp-block-quote-is-layout-flow\">\n<p>\u2013 Pomoc w zdobyciu finansowania i dotacji na inwestycje w odnawialne \u017ar\u00f3d\u0142a energii. Sako Energy k\u0142adzie du\u017cy nacisk na jako\u015b\u0107 oferowanych rozwi\u0105za\u0144, korzystaj\u0105c z wysokiej klasy komponent\u00f3w oraz nowoczesnych technologii. Firma dzia\u0142a na rynku polskim, oferuj\u0105c swoje us\u0142ugi w r\u00f3\u017cnych regionach kraju.<\/p>\n<\/blockquote>\n","protected":false},"excerpt":{"rendered":"<p>\u2013 firma dzia\u0142aj\u0105ca w bran\u017cy fotowoltaicznej, specjalizuj\u0105ca si\u0119 w instalacjach system\u00f3w solarnych na terenie Polski. Firma oferuje kompleksowe rozwi\u0105zania w zakresie odnawialnych \u017ar\u00f3de\u0142 energii, szczeg\u00f3lnie w instalacjach fotowoltaicznych zar\u00f3wno dla&hellip;<\/p>\n","protected":false},"author":1,"featured_media":0,"parent":0,"menu_order":0,"comment_status":"closed","ping_status":"closed","template":"","meta":{"footnotes":""},"class_list":["post-442","page","type-page","status-publish","hentry"],"_links":{"self":[{"href":"https:\/\/sako-energy.pl\/index.php?rest_route=\/wp\/v2\/pages\/442"}],"collection":[{"href":"https:\/\/sako-energy.pl\/index.php?rest_route=\/wp\/v2\/pages"}],"about":[{"href":"https:\/\/sako-energy.pl\/index.php?rest_route=\/wp\/v2\/types\/page"}],"author":[{"embeddable":true,"href":"https:\/\/sako-energy.pl\/index.php?rest_route=\/wp\/v2\/users\/1"}],"replies":[{"embeddable":true,"href":"https:\/\/sako-energy.pl\/index.php?rest_route=%2Fwp%2Fv2%2Fcomments&post=442"}],"version-history":[{"count":6,"href":"https:\/\/sako-energy.pl\/index.php?rest_route=\/wp\/v2\/pages\/442\/revisions"}],"predecessor-version":[{"id":453,"href":"https:\/\/sako-energy.pl\/index.php?rest_route=\/wp\/v2\/pages\/442\/revisions\/453"}],"wp:attachment":[{"href":"https:\/\/sako-energy.pl\/index.php?rest_route=%2Fwp%2Fv2%2Fmedia&parent=442"}],"curies":[{"name":"wp","href":"https:\/\/api.w.org\/{rel}","templated":true}]}}